{"id":212,"date":"2021-02-26T15:18:25","date_gmt":"2021-02-26T20:18:25","guid":{"rendered":"http:\/\/localhost\/pruebas\/wordpress\/?page_id=212"},"modified":"2021-08-20T11:03:36","modified_gmt":"2021-08-20T16:03:36","slug":"puertas-peatonales","status":"publish","type":"page","link":"https:\/\/accesstecnologia.co\/?page_id=212","title":{"rendered":"Puertas Peatonales"},"content":{"rendered":"\n<hr class=\"wp-block-separator\"\/>\n\n\n\n<div class=\"wp-block-group alignwide\"><div class=\"wp-block-group__inner-container is-layout-flow wp-block-group-is-layout-flow\">\n<div class=\"wp-block-media-text alignwide is-stacked-on-mobile\"><figure class=\"wp-block-media-text__media\"><a href=\"https:\/\/accesstecnologia.co\/?page_id=222\"><img loading=\"lazy\" decoding=\"async\" width=\"1024\" height=\"400\" src=\"https:\/\/accesstecnologia.co\/wp-content\/uploads\/2021\/02\/puertas-automaticas-peatonales-1024x400.jpg\" alt=\"\" class=\"wp-image-128 size-full\" srcset=\"https:\/\/accesstecnologia.co\/wp-content\/uploads\/2021\/02\/puertas-automaticas-peatonales-1024x400.jpg 1024w, https:\/\/accesstecnologia.co\/wp-content\/uploads\/2021\/02\/puertas-automaticas-peatonales-300x117.jpg 300w, https:\/\/accesstecnologia.co\/wp-content\/uploads\/2021\/02\/puertas-automaticas-peatonales-768x300.jpg 768w, https:\/\/accesstecnologia.co\/wp-content\/uploads\/2021\/02\/puertas-automaticas-peatonales-1536x600.jpg 1536w, https:\/\/accesstecnologia.co\/wp-content\/uploads\/2021\/02\/puertas-automaticas-peatonales-2048x800.jpg 2048w, https:\/\/accesstecnologia.co\/wp-content\/uploads\/2021\/02\/puertas-automaticas-peatonales-1568x613.jpg 1568w\" sizes=\"auto, (max-width: 1024px) 100vw, 1024px\" \/><\/a><\/figure><div class=\"wp-block-media-text__content\">\n<p class=\"has-medium-font-size\"><strong><em>Deslizantes<\/em><\/strong><\/p>\n\n\n\n<p class=\"has-medium-font-size\">Puertas pr\u00e1cticas, seguras, actuales y elegantes. Elaboradas en acero y v\u00eddrio templado, todas garantizan accesibilidad, y comodidad.<\/p>\n<\/div><\/div>\n<\/div><\/div>\n\n\n\n<hr class=\"wp-block-separator\"\/>\n\n\n\n<div class=\"wp-block-media-text alignwide has-media-on-the-right is-stacked-on-mobile\"><figure class=\"wp-block-media-text__media\"><img loading=\"lazy\" decoding=\"async\" width=\"710\" height=\"911\" src=\"https:\/\/accesstecnologia.co\/wp-content\/uploads\/2021\/02\/puerta_automatica_batiente.jpg\" alt=\"\" class=\"wp-image-215 size-full\" srcset=\"https:\/\/accesstecnologia.co\/wp-content\/uploads\/2021\/02\/puerta_automatica_batiente.jpg 710w, https:\/\/accesstecnologia.co\/wp-content\/uploads\/2021\/02\/puerta_automatica_batiente-234x300.jpg 234w\" sizes=\"auto, (max-width: 710px) 100vw, 710px\" \/><\/figure><div class=\"wp-block-media-text__content\">\n<p class=\"has-medium-font-size\"><strong><em>Batientes<\/em><\/strong><\/p>\n\n\n\n<p class=\"has-medium-font-size\">Puertas que hacen un uso \u00f3ptimo del espacio con su gran apertura. Permite automatizar puertas batientes manuales, conservando esta caracter\u00edstica de apertura.<\/p>\n<\/div><\/div>\n\n\n\n<hr class=\"wp-block-separator\"\/>\n\n\n\n<figure class=\"wp-block-embed aligncenter is-type-video is-provider-youtube wp-block-embed-youtube wp-embed-aspect-16-9 wp-has-aspect-ratio\"><div class=\"wp-block-embed__wrapper\">\n<iframe loading=\"lazy\" title=\"PUERTAS AUTOM\u00c1TICAS BATIENTES HOSPITALARIAS\" width=\"696\" height=\"392\" src=\"https:\/\/www.youtube.com\/embed\/TV6X7g6Qb44?start=25&#038;feature=oembed\" frameborder=\"0\" allow=\"accelerometer; autoplay; clipboard-write; encrypted-media; gyroscope; picture-in-picture\" allowfullscreen><\/iframe>\n<\/div><\/figure>\n\n\n\n<hr class=\"wp-block-separator\"\/>\n","protected":false},"excerpt":{"rendered":"<p>Deslizantes Puertas pr\u00e1cticas, seguras, actuales y elegantes. Elaboradas en acero y v\u00eddrio templado, todas garantizan accesibilidad, y comodidad. Batientes Puertas que hacen un uso \u00f3ptimo del espacio con su gran apertura. Permite automatizar puertas batientes manuales, conservando esta caracter\u00edstica de apertura.<\/p>\n","protected":false},"author":1,"featured_media":0,"parent":0,"menu_order":0,"comment_status":"closed","ping_status":"closed","template":"","meta":{"footnotes":""},"class_list":["post-212","page","type-page","status-publish","hentry"],"_links":{"self":[{"href":"https:\/\/accesstecnologia.co\/index.php?rest_route=\/wp\/v2\/pages\/212","targetHints":{"allow":["GET"]}}],"collection":[{"href":"https:\/\/accesstecnologia.co\/index.php?rest_route=\/wp\/v2\/pages"}],"about":[{"href":"https:\/\/accesstecnologia.co\/index.php?rest_route=\/wp\/v2\/types\/page"}],"author":[{"embeddable":true,"href":"https:\/\/accesstecnologia.co\/index.php?rest_route=\/wp\/v2\/users\/1"}],"replies":[{"embeddable":true,"href":"https:\/\/accesstecnologia.co\/index.php?rest_route=%2Fwp%2Fv2%2Fcomments&post=212"}],"version-history":[{"count":4,"href":"https:\/\/accesstecnologia.co\/index.php?rest_route=\/wp\/v2\/pages\/212\/revisions"}],"predecessor-version":[{"id":653,"href":"https:\/\/accesstecnologia.co\/index.php?rest_route=\/wp\/v2\/pages\/212\/revisions\/653"}],"wp:attachment":[{"href":"https:\/\/accesstecnologia.co\/index.php?rest_route=%2Fwp%2Fv2%2Fmedia&parent=212"}],"curies":[{"name":"wp","href":"https:\/\/api.w.org\/{rel}","templated":true}]}}