{"id":23,"date":"2021-02-24T12:23:02","date_gmt":"2021-02-24T17:23:02","guid":{"rendered":"http:\/\/localhost\/pruebas\/wordpress\/?page_id=23"},"modified":"2021-08-20T10:35:04","modified_gmt":"2021-08-20T15:35:04","slug":"contacto","status":"publish","type":"page","link":"https:\/\/accesstecnologia.co\/?page_id=23","title":{"rendered":"Nuestros Servicios"},"content":{"rendered":"\n<hr class=\"wp-block-separator\"\/>\n\n\n\n<div class=\"wp-block-media-text alignwide is-stacked-on-mobile\" style=\"grid-template-columns:20% auto\"><figure class=\"wp-block-media-text__media\"><img loading=\"lazy\" decoding=\"async\" width=\"500\" height=\"320\" src=\"https:\/\/accesstecnologia.co\/wp-content\/uploads\/2021\/02\/gear.jpg\" alt=\"\" class=\"wp-image-139 size-full\" srcset=\"https:\/\/accesstecnologia.co\/wp-content\/uploads\/2021\/02\/gear.jpg 500w, https:\/\/accesstecnologia.co\/wp-content\/uploads\/2021\/02\/gear-300x192.jpg 300w\" sizes=\"auto, (max-width: 500px) 100vw, 500px\" \/><\/figure><div class=\"wp-block-media-text__content\">\n<p class=\"has-large-font-size\">Mantenimientos<\/p>\n\n\n\n<p>Poseemos un amplio stock de repuestos y accesorios necesarios para que sus puertas autom\u00e1ticas funcionen correctamente y se mantengan en perfecto estado.<\/p>\n<\/div><\/div>\n\n\n\n<hr class=\"wp-block-separator\"\/>\n\n\n\n<div class=\"wp-block-media-text alignwide has-media-on-the-right is-stacked-on-mobile\" style=\"grid-template-columns:auto 24%\"><figure class=\"wp-block-media-text__media\"><img loading=\"lazy\" decoding=\"async\" width=\"989\" height=\"691\" src=\"https:\/\/accesstecnologia.co\/wp-content\/uploads\/2021\/02\/persons.jpg\" alt=\"\" class=\"wp-image-141 size-full\" srcset=\"https:\/\/accesstecnologia.co\/wp-content\/uploads\/2021\/02\/persons.jpg 989w, https:\/\/accesstecnologia.co\/wp-content\/uploads\/2021\/02\/persons-300x210.jpg 300w, https:\/\/accesstecnologia.co\/wp-content\/uploads\/2021\/02\/persons-768x537.jpg 768w\" sizes=\"auto, (max-width: 989px) 100vw, 989px\" \/><\/figure><div class=\"wp-block-media-text__content\">\n<p class=\"has-large-font-size\">Soporte T\u00e9cnico<\/p>\n\n\n\n<p>Contamos con Personal T\u00e9cnico altamente calificado y capacitado. Cont\u00e1ctenos para recibir la Asesor\u00eda T\u00e9cnica que requiere y reparaciones de alta calidad.<\/p>\n<\/div><\/div>\n\n\n\n<hr class=\"wp-block-separator\"\/>\n\n\n\n<div class=\"wp-block-media-text alignwide is-stacked-on-mobile\" style=\"grid-template-columns:28% auto\"><figure class=\"wp-block-media-text__media\"><img loading=\"lazy\" decoding=\"async\" width=\"860\" height=\"699\" src=\"https:\/\/accesstecnologia.co\/wp-content\/uploads\/2021\/02\/tools.png\" alt=\"\" class=\"wp-image-154 size-full\" srcset=\"https:\/\/accesstecnologia.co\/wp-content\/uploads\/2021\/02\/tools.png 860w, https:\/\/accesstecnologia.co\/wp-content\/uploads\/2021\/02\/tools-300x244.png 300w, https:\/\/accesstecnologia.co\/wp-content\/uploads\/2021\/02\/tools-768x624.png 768w\" sizes=\"auto, (max-width: 860px) 100vw, 860px\" \/><\/figure><div class=\"wp-block-media-text__content\">\n<p class=\"has-large-font-size\">Contrato de Servicios<\/p>\n\n\n\n<p>Acuerdos de Servicios acorde a sus necesidades. Inspecciones peri\u00f3dicas que garantizan el correcto funcionamiento de su infraestructura.<\/p>\n<\/div><\/div>\n","protected":false},"excerpt":{"rendered":"<p>Mantenimientos Poseemos un amplio stock de repuestos y accesorios necesarios para que sus puertas autom\u00e1ticas funcionen correctamente y se mantengan en perfecto estado. Soporte T\u00e9cnico Contamos con Personal T\u00e9cnico altamente calificado y capacitado. Cont\u00e1ctenos para recibir la Asesor\u00eda T\u00e9cnica que requiere y reparaciones de alta calidad. Contrato de Servicios Acuerdos de Servicios acorde a sus<\/p><\/div>\n<div class=\"blog-btn\"><a href=\"https:\/\/accesstecnologia.co\/?page_id=23\" class=\"home-blog-btn\">Leer m\u00e1s<\/a><\/p>\n","protected":false},"author":1,"featured_media":0,"parent":0,"menu_order":0,"comment_status":"closed","ping_status":"closed","template":"","meta":{"footnotes":""},"class_list":["post-23","page","type-page","status-publish","hentry"],"_links":{"self":[{"href":"https:\/\/accesstecnologia.co\/index.php?rest_route=\/wp\/v2\/pages\/23","targetHints":{"allow":["GET"]}}],"collection":[{"href":"https:\/\/accesstecnologia.co\/index.php?rest_route=\/wp\/v2\/pages"}],"about":[{"href":"https:\/\/accesstecnologia.co\/index.php?rest_route=\/wp\/v2\/types\/page"}],"author":[{"embeddable":true,"href":"https:\/\/accesstecnologia.co\/index.php?rest_route=\/wp\/v2\/users\/1"}],"replies":[{"embeddable":true,"href":"https:\/\/accesstecnologia.co\/index.php?rest_route=%2Fwp%2Fv2%2Fcomments&post=23"}],"version-history":[{"count":2,"href":"https:\/\/accesstecnologia.co\/index.php?rest_route=\/wp\/v2\/pages\/23\/revisions"}],"predecessor-version":[{"id":660,"href":"https:\/\/accesstecnologia.co\/index.php?rest_route=\/wp\/v2\/pages\/23\/revisions\/660"}],"wp:attachment":[{"href":"https:\/\/accesstecnologia.co\/index.php?rest_route=%2Fwp%2Fv2%2Fmedia&parent=23"}],"curies":[{"name":"wp","href":"https:\/\/api.w.org\/{rel}","templated":true}]}}