{"id":380,"date":"2021-03-05T15:42:20","date_gmt":"2021-03-05T20:42:20","guid":{"rendered":"http:\/\/localhost\/pruebas\/wordpress\/?page_id=380"},"modified":"2021-08-17T10:32:06","modified_gmt":"2021-08-17T15:32:06","slug":"controles-de-acceso","status":"publish","type":"page","link":"https:\/\/accesstecnologia.co\/?page_id=380","title":{"rendered":"Controles de Acceso"},"content":{"rendered":"\n<p class=\"has-medium-font-size\">Combinaci\u00f3n de tecnolog\u00eda y seguridad para el control de accesos en \u00e1reas restringidas, f\u00e1cilidad de manejo y adaptaci\u00f3n a sistemas de acceso automatizados.<\/p>\n\n\n\n<hr class=\"wp-block-separator\"\/>\n\n\n\n<div class=\"wp-block-media-text alignwide is-stacked-on-mobile\"><figure class=\"wp-block-media-text__media\"><img loading=\"lazy\" decoding=\"async\" width=\"1024\" height=\"555\" src=\"https:\/\/accesstecnologia.co\/wp-content\/uploads\/2021\/03\/bio_ADT_960_PEF-1024x555.jpg\" alt=\"\" class=\"wp-image-381 size-full\" srcset=\"https:\/\/accesstecnologia.co\/wp-content\/uploads\/2021\/03\/bio_ADT_960_PEF-1024x555.jpg 1024w, https:\/\/accesstecnologia.co\/wp-content\/uploads\/2021\/03\/bio_ADT_960_PEF-300x163.jpg 300w, https:\/\/accesstecnologia.co\/wp-content\/uploads\/2021\/03\/bio_ADT_960_PEF-768x416.jpg 768w, https:\/\/accesstecnologia.co\/wp-content\/uploads\/2021\/03\/bio_ADT_960_PEF.jpg 1200w\" sizes=\"auto, (max-width: 1024px) 100vw, 1024px\" \/><\/figure><div class=\"wp-block-media-text__content\">\n<p class=\"has-large-font-size\">Biom\u00e9trico<\/p>\n\n\n\n<p>\u2022 Biom\u00e9trico con conexi\u00f3n TCP\/IP y RS 485.<br>\u2022 Capacidad para 1900 huellas.<br>\u2022 Puede utilizarse como control laboral y asistencia.<br>\u2022 Escalable a m\u00faltiples puertas en red.<\/p>\n<\/div><\/div>\n\n\n\n<hr class=\"wp-block-separator\"\/>\n\n\n\n<div class=\"wp-block-media-text alignwide has-media-on-the-right is-stacked-on-mobile\"><figure class=\"wp-block-media-text__media\"><img loading=\"lazy\" decoding=\"async\" width=\"1024\" height=\"555\" src=\"https:\/\/accesstecnologia.co\/wp-content\/uploads\/2021\/03\/Leva_bio-1024x555.jpg\" alt=\"\" class=\"wp-image-382 size-full\" srcset=\"https:\/\/accesstecnologia.co\/wp-content\/uploads\/2021\/03\/Leva_bio-1024x555.jpg 1024w, https:\/\/accesstecnologia.co\/wp-content\/uploads\/2021\/03\/Leva_bio-300x163.jpg 300w, https:\/\/accesstecnologia.co\/wp-content\/uploads\/2021\/03\/Leva_bio-768x416.jpg 768w, https:\/\/accesstecnologia.co\/wp-content\/uploads\/2021\/03\/Leva_bio.jpg 1200w\" sizes=\"auto, (max-width: 1024px) 100vw, 1024px\" \/><\/figure><div class=\"wp-block-media-text__content\">\n<p class=\"has-large-font-size\">Cerradura biom\u00e9trica<br>tipo residencial<\/p>\n\n\n\n<p>\u2022 Cerradura de leva biom\u00e9trica.<br>\u2022 110 usuarios y llave mec\u00e1nica para uso en caso de emergencia.<br>\u2022 Funciona con bater\u00edas alcalinas.<\/p>\n<\/div><\/div>\n\n\n\n<hr class=\"wp-block-separator\"\/>\n\n\n\n<div class=\"wp-block-media-text alignwide is-stacked-on-mobile\"><figure class=\"wp-block-media-text__media\"><img loading=\"lazy\" decoding=\"async\" width=\"1024\" height=\"555\" src=\"https:\/\/accesstecnologia.co\/wp-content\/uploads\/2021\/03\/teclado_autonomo-1024x555.jpg\" alt=\"\" class=\"wp-image-383 size-full\" srcset=\"https:\/\/accesstecnologia.co\/wp-content\/uploads\/2021\/03\/teclado_autonomo-1024x555.jpg 1024w, https:\/\/accesstecnologia.co\/wp-content\/uploads\/2021\/03\/teclado_autonomo-300x163.jpg 300w, https:\/\/accesstecnologia.co\/wp-content\/uploads\/2021\/03\/teclado_autonomo-768x416.jpg 768w, https:\/\/accesstecnologia.co\/wp-content\/uploads\/2021\/03\/teclado_autonomo.jpg 1200w\" sizes=\"auto, (max-width: 1024px) 100vw, 1024px\" \/><\/figure><div class=\"wp-block-media-text__content\">\n<p class=\"has-large-font-size\">Teclado iluminado<\/p>\n\n\n\n<p>\u2022 Teclado iluminado auton\u00f3mo con 100 c\u00f3digos \u00fanicos de cuatro a ocho digitos.<br>\u2022 Capacidad hasta 250 usuarios.<br>\u2022 Conexi\u00f3n a panel de alarmas.<\/p>\n<\/div><\/div>\n\n\n\n<hr class=\"wp-block-separator\"\/>\n\n\n\n<div class=\"wp-block-media-text alignwide has-media-on-the-right is-stacked-on-mobile\"><figure class=\"wp-block-media-text__media\"><img loading=\"lazy\" decoding=\"async\" width=\"1024\" height=\"555\" src=\"https:\/\/accesstecnologia.co\/wp-content\/uploads\/2021\/03\/teclado_proximidad-1024x555.jpg\" alt=\"\" class=\"wp-image-384 size-full\" srcset=\"https:\/\/accesstecnologia.co\/wp-content\/uploads\/2021\/03\/teclado_proximidad-1024x555.jpg 1024w, https:\/\/accesstecnologia.co\/wp-content\/uploads\/2021\/03\/teclado_proximidad-300x163.jpg 300w, https:\/\/accesstecnologia.co\/wp-content\/uploads\/2021\/03\/teclado_proximidad-768x416.jpg 768w, https:\/\/accesstecnologia.co\/wp-content\/uploads\/2021\/03\/teclado_proximidad.jpg 1200w\" sizes=\"auto, (max-width: 1024px) 100vw, 1024px\" \/><\/figure><div class=\"wp-block-media-text__content\">\n<p class=\"has-large-font-size\">Teclado de proximidad<\/p>\n\n\n\n<p>\u2022 Controlador aut\u00f3nomo con teclado iluminado y proximidad.<br>\u2022 Resistente a vandalismo.<br>\u2022 Capacidad hasta 500 usuarios.<br>\u2022 Doble temporizador.<br>\u2022 Tres niveles de usuario.<br>\u2022 Cuatro modos de operaci\u00f3n.<\/p>\n<\/div><\/div>\n\n\n\n<hr class=\"wp-block-separator\"\/>\n\n\n\n<div class=\"wp-block-media-text alignwide is-stacked-on-mobile\"><figure class=\"wp-block-media-text__media\"><img loading=\"lazy\" decoding=\"async\" width=\"1024\" height=\"555\" src=\"https:\/\/accesstecnologia.co\/wp-content\/uploads\/2021\/03\/ADT_520-1024x555.jpg\" alt=\"\" class=\"wp-image-389 size-full\" srcset=\"https:\/\/accesstecnologia.co\/wp-content\/uploads\/2021\/03\/ADT_520-1024x555.jpg 1024w, https:\/\/accesstecnologia.co\/wp-content\/uploads\/2021\/03\/ADT_520-300x163.jpg 300w, https:\/\/accesstecnologia.co\/wp-content\/uploads\/2021\/03\/ADT_520-768x416.jpg 768w, https:\/\/accesstecnologia.co\/wp-content\/uploads\/2021\/03\/ADT_520.jpg 1200w\" sizes=\"auto, (max-width: 1024px) 100vw, 1024px\" \/><\/figure><div class=\"wp-block-media-text__content\">\n<p class=\"has-large-font-size\">Teclado de proximidad<\/p>\n\n\n\n<p>\u2022 Capacidad para almacenar hasta 1024 usuarios.<br>\u2022 Incluye software de configuraci\u00f3n bajo Windows.<br>\u2022 C\u00f3digo de amenaza.<br>\u2022 Expansi\u00f3n en red hasta 64 puertas.<\/p>\n<\/div><\/div>\n\n\n\n<hr class=\"wp-block-separator\"\/>\n\n\n\n<div class=\"wp-block-media-text alignwide has-media-on-the-right is-stacked-on-mobile\"><figure class=\"wp-block-media-text__media\"><img loading=\"lazy\" decoding=\"async\" width=\"1024\" height=\"555\" src=\"https:\/\/accesstecnologia.co\/wp-content\/uploads\/2021\/03\/lectora_proximidad-1024x555.jpg\" alt=\"\" class=\"wp-image-390 size-full\" srcset=\"https:\/\/accesstecnologia.co\/wp-content\/uploads\/2021\/03\/lectora_proximidad-1024x555.jpg 1024w, https:\/\/accesstecnologia.co\/wp-content\/uploads\/2021\/03\/lectora_proximidad-300x163.jpg 300w, https:\/\/accesstecnologia.co\/wp-content\/uploads\/2021\/03\/lectora_proximidad-768x416.jpg 768w, https:\/\/accesstecnologia.co\/wp-content\/uploads\/2021\/03\/lectora_proximidad.jpg 1200w\" sizes=\"auto, (max-width: 1024px) 100vw, 1024px\" \/><\/figure><div class=\"wp-block-media-text__content\">\n<p class=\"has-large-font-size\">Lectora de proximidad<\/p>\n\n\n\n<p>\u2022 Lectora de proximidad para conexi\u00f3n a controladoras Access.<br>\u2022 Escalable a m\u00faltiples puertas.<\/p>\n<\/div><\/div>\n\n\n\n<hr class=\"wp-block-separator\"\/>\n\n\n\n<div class=\"wp-block-media-text alignwide is-stacked-on-mobile\"><figure class=\"wp-block-media-text__media\"><img loading=\"lazy\" decoding=\"async\" width=\"1024\" height=\"555\" src=\"https:\/\/accesstecnologia.co\/wp-content\/uploads\/2021\/03\/sensor_no_touch-1024x555.jpg\" alt=\"\" class=\"wp-image-393 size-full\" srcset=\"https:\/\/accesstecnologia.co\/wp-content\/uploads\/2021\/03\/sensor_no_touch-1024x555.jpg 1024w, https:\/\/accesstecnologia.co\/wp-content\/uploads\/2021\/03\/sensor_no_touch-300x163.jpg 300w, https:\/\/accesstecnologia.co\/wp-content\/uploads\/2021\/03\/sensor_no_touch-768x416.jpg 768w, https:\/\/accesstecnologia.co\/wp-content\/uploads\/2021\/03\/sensor_no_touch.jpg 1200w\" sizes=\"auto, (max-width: 1024px) 100vw, 1024px\" \/><\/figure><div class=\"wp-block-media-text__content\">\n<p class=\"has-large-font-size\">Sensor No Touch<\/p>\n\n\n\n<p>Sensor libre al tacto para liberar puertas y accesos autom\u00e1ticos, evita la contaminaci\u00f3n por contacto f\u00edsico, ideal para puertas de quir\u00f3fanos y otras aplicaciones en hospitales y cl\u00ednicas.<\/p>\n<\/div><\/div>\n\n\n\n<hr class=\"wp-block-separator\"\/>\n\n\n\n<div class=\"wp-block-media-text alignwide has-media-on-the-right is-stacked-on-mobile\"><figure class=\"wp-block-media-text__media\"><img loading=\"lazy\" decoding=\"async\" width=\"1024\" height=\"555\" src=\"https:\/\/accesstecnologia.co\/wp-content\/uploads\/2021\/03\/multifuncion-1024x555.jpg\" alt=\"\" class=\"wp-image-394 size-full\" srcset=\"https:\/\/accesstecnologia.co\/wp-content\/uploads\/2021\/03\/multifuncion-1024x555.jpg 1024w, https:\/\/accesstecnologia.co\/wp-content\/uploads\/2021\/03\/multifuncion-300x163.jpg 300w, https:\/\/accesstecnologia.co\/wp-content\/uploads\/2021\/03\/multifuncion-768x416.jpg 768w, https:\/\/accesstecnologia.co\/wp-content\/uploads\/2021\/03\/multifuncion.jpg 1200w\" sizes=\"auto, (max-width: 1024px) 100vw, 1024px\" \/><\/figure><div class=\"wp-block-media-text__content\">\n<p class=\"has-large-font-size\">Control multifunci\u00f3n<\/p>\n\n\n\n<p>Control de accesos para puertas hospitalarias tipo multi-funci\u00f3n con cuatro estados de configuraci\u00f3n: <strong>Lock <\/strong>puerta bloqueada, <strong>Full Open<\/strong> puerta abierta, <strong>Automatic <\/strong>modo autom\u00e1ico y <strong>Exit Only <\/strong>solo para salida.<\/p>\n<\/div><\/div>\n\n\n\n<hr class=\"wp-block-separator\"\/>\n\n\n\n<figure class=\"wp-block-embed is-type-video is-provider-youtube wp-block-embed-youtube wp-embed-aspect-16-9 wp-has-aspect-ratio\"><div class=\"wp-block-embed__wrapper\">\n<iframe loading=\"lazy\" title=\"CABINA BIOSEGURA\" width=\"696\" height=\"392\" src=\"https:\/\/www.youtube.com\/embed\/n9vCtwrYKzM?feature=oembed\" frameborder=\"0\" allow=\"accelerometer; autoplay; clipboard-write; encrypted-media; gyroscope; picture-in-picture\" allowfullscreen><\/iframe>\n<\/div><\/figure>\n\n\n\n<hr class=\"wp-block-separator\"\/>\n","protected":false},"excerpt":{"rendered":"<p>Combinaci\u00f3n de tecnolog\u00eda y seguridad para el control de accesos en \u00e1reas restringidas, f\u00e1cilidad de manejo y adaptaci\u00f3n a sistemas de acceso automatizados. Biom\u00e9trico \u2022 Biom\u00e9trico con conexi\u00f3n TCP\/IP y RS 485.\u2022 Capacidad para 1900 huellas.\u2022 Puede utilizarse como control laboral y asistencia.\u2022 Escalable a m\u00faltiples puertas en red. Cerradura biom\u00e9tricatipo residencial \u2022 Cerradura de<\/p><\/div>\n<div class=\"blog-btn\"><a href=\"https:\/\/accesstecnologia.co\/?page_id=380\" class=\"home-blog-btn\">Leer m\u00e1s<\/a><\/p>\n","protected":false},"author":1,"featured_media":0,"parent":0,"menu_order":0,"comment_status":"closed","ping_status":"closed","template":"","meta":{"footnotes":""},"class_list":["post-380","page","type-page","status-publish","hentry"],"_links":{"self":[{"href":"https:\/\/accesstecnologia.co\/index.php?rest_route=\/wp\/v2\/pages\/380","targetHints":{"allow":["GET"]}}],"collection":[{"href":"https:\/\/accesstecnologia.co\/index.php?rest_route=\/wp\/v2\/pages"}],"about":[{"href":"https:\/\/accesstecnologia.co\/index.php?rest_route=\/wp\/v2\/types\/page"}],"author":[{"embeddable":true,"href":"https:\/\/accesstecnologia.co\/index.php?rest_route=\/wp\/v2\/users\/1"}],"replies":[{"embeddable":true,"href":"https:\/\/accesstecnologia.co\/index.php?rest_route=%2Fwp%2Fv2%2Fcomments&post=380"}],"version-history":[{"count":1,"href":"https:\/\/accesstecnologia.co\/index.php?rest_route=\/wp\/v2\/pages\/380\/revisions"}],"predecessor-version":[{"id":632,"href":"https:\/\/accesstecnologia.co\/index.php?rest_route=\/wp\/v2\/pages\/380\/revisions\/632"}],"wp:attachment":[{"href":"https:\/\/accesstecnologia.co\/index.php?rest_route=%2Fwp%2Fv2%2Fmedia&parent=380"}],"curies":[{"name":"wp","href":"https:\/\/api.w.org\/{rel}","templated":true}]}}