{"id":709,"date":"2023-09-20T15:06:44","date_gmt":"2023-09-20T20:06:44","guid":{"rendered":"https:\/\/accesstecnologia.co\/?page_id=709"},"modified":"2023-09-20T15:06:45","modified_gmt":"2023-09-20T20:06:45","slug":"blog","status":"publish","type":"page","link":"https:\/\/accesstecnologia.co\/?page_id=709","title":{"rendered":"Blog"},"content":{"rendered":"\n<h2 class=\"wp-block-heading\">La Magia Y El Arte Detr\u00e1s De La Ingenier\u00eda<\/h2>\n\n\n\n<p>Nuestro gran equipo realiza y crea todas las puertas con los m\u00e1s altos est\u00e1ndares de calidad, pero lo m\u00e1s importante es la pasi\u00f3n por crear innovaci\u00f3n y excelencia.<\/p>\n\n\n\n<figure class=\"wp-block-image size-large\"><img loading=\"lazy\" decoding=\"async\" width=\"1024\" height=\"1024\" src=\"https:\/\/accesstecnologia.co\/wp-content\/uploads\/2023\/09\/37010207_1981095178568234_6641623914843734016_n-1-1024x1024.png\" alt=\"\" class=\"wp-image-711\" srcset=\"https:\/\/accesstecnologia.co\/wp-content\/uploads\/2023\/09\/37010207_1981095178568234_6641623914843734016_n-1-1024x1024.png 1024w, https:\/\/accesstecnologia.co\/wp-content\/uploads\/2023\/09\/37010207_1981095178568234_6641623914843734016_n-1-300x300.png 300w, https:\/\/accesstecnologia.co\/wp-content\/uploads\/2023\/09\/37010207_1981095178568234_6641623914843734016_n-1-150x150.png 150w, https:\/\/accesstecnologia.co\/wp-content\/uploads\/2023\/09\/37010207_1981095178568234_6641623914843734016_n-1-768x768.png 768w, https:\/\/accesstecnologia.co\/wp-content\/uploads\/2023\/09\/37010207_1981095178568234_6641623914843734016_n-1.png 1080w\" sizes=\"auto, (max-width: 1024px) 100vw, 1024px\" \/><\/figure>\n","protected":false},"excerpt":{"rendered":"<p>La Magia Y El Arte Detr\u00e1s De La Ingenier\u00eda Nuestro gran equipo realiza y crea todas las puertas con los m\u00e1s altos est\u00e1ndares de calidad, pero lo m\u00e1s importante es la pasi\u00f3n por crear innovaci\u00f3n y excelencia.<\/p>\n","protected":false},"author":1,"featured_media":0,"parent":0,"menu_order":0,"comment_status":"closed","ping_status":"closed","template":"","meta":{"footnotes":""},"class_list":["post-709","page","type-page","status-publish","hentry"],"_links":{"self":[{"href":"https:\/\/accesstecnologia.co\/index.php?rest_route=\/wp\/v2\/pages\/709","targetHints":{"allow":["GET"]}}],"collection":[{"href":"https:\/\/accesstecnologia.co\/index.php?rest_route=\/wp\/v2\/pages"}],"about":[{"href":"https:\/\/accesstecnologia.co\/index.php?rest_route=\/wp\/v2\/types\/page"}],"author":[{"embeddable":true,"href":"https:\/\/accesstecnologia.co\/index.php?rest_route=\/wp\/v2\/users\/1"}],"replies":[{"embeddable":true,"href":"https:\/\/accesstecnologia.co\/index.php?rest_route=%2Fwp%2Fv2%2Fcomments&post=709"}],"version-history":[{"count":1,"href":"https:\/\/accesstecnologia.co\/index.php?rest_route=\/wp\/v2\/pages\/709\/revisions"}],"predecessor-version":[{"id":712,"href":"https:\/\/accesstecnologia.co\/index.php?rest_route=\/wp\/v2\/pages\/709\/revisions\/712"}],"wp:attachment":[{"href":"https:\/\/accesstecnologia.co\/index.php?rest_route=%2Fwp%2Fv2%2Fmedia&parent=709"}],"curies":[{"name":"wp","href":"https:\/\/api.w.org\/{rel}","templated":true}]}}