{"id":86,"date":"2021-02-25T16:25:22","date_gmt":"2021-02-25T21:25:22","guid":{"rendered":"http:\/\/localhost\/pruebas\/wordpress\/about\/"},"modified":"2025-03-11T07:58:48","modified_gmt":"2025-03-11T12:58:48","slug":"about","status":"publish","type":"page","link":"https:\/\/accesstecnologia.co\/?page_id=86","title":{"rendered":"Qui\u00e9nes somos"},"content":{"rendered":"\n<div class=\"wp-block-media-text alignwide is-stacked-on-mobile\"><figure class=\"wp-block-media-text__media\"><img loading=\"lazy\" decoding=\"async\" width=\"600\" height=\"439\" src=\"https:\/\/accesstecnologia.co\/wp-content\/uploads\/2021\/02\/quienes-somos.jpg\" alt=\"WHO\" class=\"wp-image-99 size-full\" srcset=\"https:\/\/accesstecnologia.co\/wp-content\/uploads\/2021\/02\/quienes-somos.jpg 600w, https:\/\/accesstecnologia.co\/wp-content\/uploads\/2021\/02\/quienes-somos-300x220.jpg 300w\" sizes=\"auto, (max-width: 600px) 100vw, 600px\" \/><\/figure><div class=\"wp-block-media-text__content\">\n<hr class=\"wp-block-separator has-css-opacity\"\/>\n\n\n\n<h6>Somos una empresa dedicada a la fabricaci\u00f3n y distribuci\u00f3n de puertas autom\u00e1ticas y hardware avanzado de \u00faltima tecnolog\u00eda para sistemas de acceso y seguridad.<\/h6>\n<h6>M\u00e1s de 31 a\u00f1os de calidad y compromiso, nos certifican como una empresa l\u00edder en automatizaci\u00f3n y sistemas de seguridad en Colombia, llevando nuestros servicios a grandes industrias, hospitales y almacenes de cadena.<\/h6>\n<h6>Ofrecemos soluciones confiables que se adaptan a sus necesidades con durabilidad, facilidad de uso y mantenimiento m\u00ednimo.<\/h6>\n<h6>Nuestras puertas autom\u00e1ticas est\u00e1n dotadas para hacer un entorno m\u00e1s c\u00f3modo y seguro, fabricadas bajo rigurosos est\u00e1ndares y acatando las normas m\u00e1s estrictas de seguridad, ofreciendo tecnolog\u00eda de punta para la protecci\u00f3n y la seguridad, comprometidos a brindar un servicio excelente, oportuno y eficaz.<\/h6>\n<\/p>\n\n\n\n<hr class=\"wp-block-separator has-css-opacity\"\/>\n<\/div><\/div>\n\n\n\n<p><\/p>\n\n\n\n<h2 class=\"wp-block-heading\">Misi\u00f3n<\/h2>\n\n\n\n<div class=\"wp-block-media-text alignwide has-media-on-the-right is-stacked-on-mobile\" style=\"grid-template-columns:auto 33%\"><div class=\"wp-block-media-text__content\">\n<p><strong>Ofrecemos soluciones integrales en automatizaci\u00f3n de accesos y ambientes, con tecnolog\u00eda de punta, mediante la actualizaci\u00f3n, innovaci\u00f3n y desarrollo de productos y servicios de excelente calidad.<\/strong><\/p>\n<p><strong>Satisfacemos las necesidades de protecci\u00f3n, productividad y bienestar de nuestros clientes en todos los sectores econ\u00f3micos a nivel nacional.<\/strong><\/p>\n<p><strong>Contamos con personal altamente calificado,&nbsp; motivado y comprometido con el logro de nuestros objetivos.<\/strong><\/p>\n<\/div><figure class=\"wp-block-media-text__media\"><img loading=\"lazy\" decoding=\"async\" width=\"256\" height=\"256\" src=\"https:\/\/accesstecnologia.co\/wp-content\/uploads\/2021\/08\/Mision.png\" alt=\"\" class=\"wp-image-644 size-medium\" srcset=\"https:\/\/accesstecnologia.co\/wp-content\/uploads\/2021\/08\/Mision.png 256w, https:\/\/accesstecnologia.co\/wp-content\/uploads\/2021\/08\/Mision-150x150.png 150w\" sizes=\"auto, (max-width: 256px) 100vw, 256px\" \/><\/figure><\/div>\n\n\n\n<hr class=\"wp-block-separator has-css-opacity\"\/>\n\n\n\n<h2 class=\"wp-block-heading\">Visi\u00f3n<\/h2>\n\n\n\n<div class=\"wp-block-media-text alignwide is-stacked-on-mobile\" style=\"grid-template-columns:33% auto\"><figure class=\"wp-block-media-text__media\"><img loading=\"lazy\" decoding=\"async\" width=\"256\" height=\"256\" src=\"https:\/\/accesstecnologia.co\/wp-content\/uploads\/2021\/08\/Vision.png\" alt=\"\" class=\"wp-image-646 size-medium\" srcset=\"https:\/\/accesstecnologia.co\/wp-content\/uploads\/2021\/08\/Vision.png 256w, https:\/\/accesstecnologia.co\/wp-content\/uploads\/2021\/08\/Vision-150x150.png 150w\" sizes=\"auto, (max-width: 256px) 100vw, 256px\" \/><\/figure><div class=\"wp-block-media-text__content\">\n<p><strong>Al 2030 seremos\u00a0 una de las empresas mas reconocidas en el territorio nacional, por brindar soluciones innovadoras de alta tecnolog\u00eda, en automatizaci\u00f3n de accesos, con excelente calidad. Brindaremos soluciones de soporte y mantenimiento en todos renglones de la econom\u00eda.<\/strong><\/p>\n<\/div><\/div>\n\n\n\n<hr class=\"wp-block-separator has-css-opacity\"\/>\n","protected":false},"excerpt":{"rendered":"<p>Misi\u00f3n Ofrecemos soluciones integrales en automatizaci\u00f3n de accesos y ambientes, con tecnolog\u00eda de punta, mediante la actualizaci\u00f3n, innovaci\u00f3n y desarrollo de productos y servicios de excelente calidad. Satisfacemos las necesidades de protecci\u00f3n, productividad y bienestar de nuestros clientes en todos los sectores econ\u00f3micos a nivel nacional. Contamos con personal altamente calificado,&nbsp; motivado y comprometido con<\/p><\/div>\n<div class=\"blog-btn\"><a href=\"https:\/\/accesstecnologia.co\/?page_id=86\" class=\"home-blog-btn\">Leer m\u00e1s<\/a><\/p>\n","protected":false},"author":1,"featured_media":0,"parent":0,"menu_order":0,"comment_status":"closed","ping_status":"closed","template":"template\/template-about.php","meta":{"footnotes":""},"class_list":["post-86","page","type-page","status-publish","hentry"],"_links":{"self":[{"href":"https:\/\/accesstecnologia.co\/index.php?rest_route=\/wp\/v2\/pages\/86","targetHints":{"allow":["GET"]}}],"collection":[{"href":"https:\/\/accesstecnologia.co\/index.php?rest_route=\/wp\/v2\/pages"}],"about":[{"href":"https:\/\/accesstecnologia.co\/index.php?rest_route=\/wp\/v2\/types\/page"}],"author":[{"embeddable":true,"href":"https:\/\/accesstecnologia.co\/index.php?rest_route=\/wp\/v2\/users\/1"}],"replies":[{"embeddable":true,"href":"https:\/\/accesstecnologia.co\/index.php?rest_route=%2Fwp%2Fv2%2Fcomments&post=86"}],"version-history":[{"count":6,"href":"https:\/\/accesstecnologia.co\/index.php?rest_route=\/wp\/v2\/pages\/86\/revisions"}],"predecessor-version":[{"id":717,"href":"https:\/\/accesstecnologia.co\/index.php?rest_route=\/wp\/v2\/pages\/86\/revisions\/717"}],"wp:attachment":[{"href":"https:\/\/accesstecnologia.co\/index.php?rest_route=%2Fwp%2Fv2%2Fmedia&parent=86"}],"curies":[{"name":"wp","href":"https:\/\/api.w.org\/{rel}","templated":true}]}}